{"id":29,"date":"2023-12-26T14:49:33","date_gmt":"2023-12-26T17:49:33","guid":{"rendered":"https:\/\/antonelacopertari.com\/?page_id=29"},"modified":"2024-02-24T19:41:15","modified_gmt":"2024-02-24T22:41:15","slug":"bio","status":"publish","type":"page","link":"https:\/\/antonelacopertari.com\/en\/bio\/","title":{"rendered":"Bio"},"content":{"rendered":"<div class=\"wp-block-columns alignfull is-layout-flex wp-container-core-columns-is-layout-9d6595d7 wp-block-columns-is-layout-flex\">\n<div class=\"wp-block-column is-layout-flow wp-block-column-is-layout-flow\" style=\"flex-basis:50%\">\n<div class=\"wp-block-cover is-light\" style=\"min-height:600px;aspect-ratio:unset;\"><span aria-hidden=\"true\" class=\"wp-block-cover__background has-background-dim-100 has-background-dim\" style=\"background-color:#f6f6f6\"><\/span><div class=\"wp-block-cover__inner-container is-layout-flow wp-block-cover-is-layout-flow\"><div class=\"wp-block-image\">\n<figure class=\"aligncenter size-medium is-resized\"><img loading=\"lazy\" decoding=\"async\" width=\"300\" height=\"291\" src=\"https:\/\/antonelacopertari.com\/wp-content\/uploads\/2024\/02\/fotoperfil-gris3-300x291.jpg\" alt=\"\" class=\"wp-image-107\" style=\"width:302px;height:auto\" srcset=\"https:\/\/antonelacopertari.com\/wp-content\/uploads\/2024\/02\/fotoperfil-gris3-300x291.jpg 300w, https:\/\/antonelacopertari.com\/wp-content\/uploads\/2024\/02\/fotoperfil-gris3-1024x994.jpg 1024w, https:\/\/antonelacopertari.com\/wp-content\/uploads\/2024\/02\/fotoperfil-gris3-768x746.jpg 768w, https:\/\/antonelacopertari.com\/wp-content\/uploads\/2024\/02\/fotoperfil-gris3-1536x1491.jpg 1536w, https:\/\/antonelacopertari.com\/wp-content\/uploads\/2024\/02\/fotoperfil-gris3-2048x1988.jpg 2048w, https:\/\/antonelacopertari.com\/wp-content\/uploads\/2024\/02\/fotoperfil-gris3-12x12.jpg 12w\" sizes=\"auto, (max-width: 300px) 100vw, 300px\" \/><\/figure><\/div><\/div><\/div>\n<\/div>\n\n\n\n<div class=\"wp-block-column is-vertically-aligned-center is-layout-flow wp-block-column-is-layout-flow\" style=\"padding-top:1em;padding-right:1em;padding-bottom:1em;padding-left:1em;flex-basis:50%\">\n<div class=\"wp-block-columns is-layout-flex wp-container-core-columns-is-layout-9d6595d7 wp-block-columns-is-layout-flex\">\n<div class=\"wp-block-column is-layout-flow wp-block-column-is-layout-flow\" style=\"flex-basis:80%\">\n<p class=\"has-small-font-size\">Antonela develops her main artistic production through the composition of acoustic instrumental works, including chamber music, solo works, and two pieces for a large orchestra. Her pieces are often slow and quiet, seeking intimacy and the creation of contemplative atmospheres or moods, in which she draws on explorations of color, melody, and textures. She looks for subtlety and detail, giving relevance to the poetic meaning of resonance and silence might have.<\/p>\n\n\n\n<p class=\"has-small-font-size translation-block\">In recent years, through her participation in some workshops and festivals, she had the opportunity to work with some relevant musicians such as AntiquaNova Tr\u00edo, pianist Bruno Mesz, guitarist Pablo Boltshauser, d\u00fao \u201cQuiz\u00e1s\u201d, d\u00fao \u201cManos a las Obras\u201d from Argentina; Quartetto Maurice, Michele Marco Rossi and Carolin Ralser from Italy; and Ensemble \u201cPuJoa\u201d from Paraguay. On the other hand, she had the experience of working on an interdisciplinary piece with choreographer Mar\u00eda Zegna and performer Ina Morales (Argentina).<\/p>\n\n\n\n<p class=\"has-small-font-size\">She studied music composition with composers Mar\u00eda Cecilia Villanueva, Carlos Mastropietro, Marcelo Alejandro Rodr\u00edguez, Leandra Yulita, and Jos\u00e9 Manuel Serrano at the Faculty of Arts, National University of La Plata (Argentina) where she graduated.<\/p>\n\n\n\n<p class=\"has-small-font-size\">Additionally, she took courses privately with composers Patricia Mart\u00ednez and Marcos Franciosi with the support of two scholarships awarded by the National Fund of the Arts in 2016 and 2020 respectively.<\/p>\n\n\n\n<p class=\"has-small-font-size\">She is currently continuing and deepening her studies in composition with composer, teacher, and researcher Dr. Luis Menacho.<\/p>\n\n\n\n<p class=\"has-small-font-size translation-block\">In 2022 she began working in the field of research through an internship at the Laboratory for the Study of Musical Experience - LEEM (FDA-UNLP). Subsequently, having been a beneficiary of the EVC-CIN Scholarship, she began to develop a research project called Links between body movement and structural sound parameters in the music of Marcos Franciosi, on which she is currently working.<\/p>\n\n\n\n<p class=\"has-small-font-size\">As a teacher, she is currently working in primary and high schools. During the years 2019, 2020, and 2021 she was Ad Honorem Assistant in the Chair of Introduction to Composition of the Faculty of Arts of the National University of La Plata, Buenos Aires, Argentina.<\/p>\n<\/div>\n<\/div>\n<\/div>\n<\/div>","protected":false},"excerpt":{"rendered":"<p>Antonela desarrolla su principal producci\u00f3n art\u00edstica en el \u00e1mbito de la composici\u00f3n musical de c\u00e1mara. Su obra se focaliza en la creaci\u00f3n de atm\u00f3sferas intimistas y contemplativas a trav\u00e9s de la elaboraci\u00f3n de gestos mel\u00f3dicos evocativos y de la profundizaci\u00f3n en el color t\u00edmbrico particular del instrumental. Sus piezas musicales son en su mayor\u00eda lentas [&hellip;]<\/p>","protected":false},"author":1,"featured_media":0,"parent":0,"menu_order":0,"comment_status":"closed","ping_status":"closed","template":"","meta":{"footnotes":""},"class_list":["post-29","page","type-page","status-publish","hentry"],"_links":{"self":[{"href":"https:\/\/antonelacopertari.com\/en\/wp-json\/wp\/v2\/pages\/29","targetHints":{"allow":["GET"]}}],"collection":[{"href":"https:\/\/antonelacopertari.com\/en\/wp-json\/wp\/v2\/pages"}],"about":[{"href":"https:\/\/antonelacopertari.com\/en\/wp-json\/wp\/v2\/types\/page"}],"author":[{"embeddable":true,"href":"https:\/\/antonelacopertari.com\/en\/wp-json\/wp\/v2\/users\/1"}],"replies":[{"embeddable":true,"href":"https:\/\/antonelacopertari.com\/en\/wp-json\/wp\/v2\/comments?post=29"}],"version-history":[{"count":5,"href":"https:\/\/antonelacopertari.com\/en\/wp-json\/wp\/v2\/pages\/29\/revisions"}],"predecessor-version":[{"id":109,"href":"https:\/\/antonelacopertari.com\/en\/wp-json\/wp\/v2\/pages\/29\/revisions\/109"}],"wp:attachment":[{"href":"https:\/\/antonelacopertari.com\/en\/wp-json\/wp\/v2\/media?parent=29"}],"curies":[{"name":"wp","href":"https:\/\/api.w.org\/{rel}","templated":true}]}}